{"id":10,"date":"2020-10-18T17:34:06","date_gmt":"2020-10-18T20:34:06","guid":{"rendered":"http:\/\/cemporcentoredacao.com.br\/?page_id=10"},"modified":"2026-01-07T17:15:39","modified_gmt":"2026-01-07T20:15:39","slug":"sobre","status":"publish","type":"page","link":"https:\/\/cemporcentoredacao.com.br\/?page_id=10","title":{"rendered":"Quem Somos"},"content":{"rendered":"\t\t<div data-elementor-type=\"wp-page\" data-elementor-id=\"10\" class=\"elementor elementor-10\">\n\t\t\t\t\t\t<section class=\"elementor-section elementor-top-section elementor-element elementor-element-19d5f6cf elementor-section-boxed elementor-section-height-default elementor-section-height-default\" data-id=\"19d5f6cf\" data-element_type=\"section\">\n\t\t\t\t\t\t<div class=\"elementor-container elementor-column-gap-default\">\n\t\t\t\t\t<div class=\"elementor-column elementor-col-100 elementor-top-column elementor-element elementor-element-423b1c48\" data-id=\"423b1c48\" data-element_type=\"column\">\n\t\t\t<div class=\"elementor-widget-wrap elementor-element-populated\">\n\t\t\t\t\t\t<div class=\"elementor-element elementor-element-244ad180 elementor-widget elementor-widget-text-editor\" data-id=\"244ad180\" data-element_type=\"widget\" data-widget_type=\"text-editor.default\">\n\t\t\t\t<div class=\"elementor-widget-container\">\n\t\t\t\t\t\t\t\t\t<p>H\u00e1 17 anos somos campe\u00f5es em aprova\u00e7\u00f5es nos vestibulares mais concorridos do pa\u00eds. Al\u00e9m das aulas de reda\u00e7\u00e3o, linguagens e c\u00f3digos, gram\u00e1tica, obras liter\u00e1rias, atualidades, filosofia, sociologia, artes, cinema, politica, direito, geopol\u00edtica, literatura, hist\u00f3ria da arte, contamos com plant\u00f5es individuais para a resolu\u00e7\u00e3o de d\u00favidas e corre\u00e7\u00f5es de textos. Promovemos palestras, semin\u00e1rios, oficinas espec\u00edficas e atividades que aliam cultura e troca de ideias. Todo material did\u00e1tico \u00e9 exclusivo e atualizado mensalmente. Professores especializados e experientes em diversas \u00e1reas, sob coordena\u00e7\u00e3o de Regiane Pedigone, tamb\u00e9m professora e idealizadora do curso.<\/p><p>Atuamos de forma presencial na cidade de Franca\/SP, recentemente abrimos as portas para o universo on-line com aulas ao vivo com intera\u00e7\u00e3o.<\/p><p><!-- \/wp:paragraph --><\/p>\t\t\t\t\t\t\t\t<\/div>\n\t\t\t\t<\/div>\n\t\t\t\t\t<\/div>\n\t\t<\/div>\n\t\t\t\t\t<\/div>\n\t\t<\/section>\n\t\t\t\t<\/div>\n\t\t","protected":false},"excerpt":{"rendered":"<p>H\u00e1 17 anos somos campe\u00f5es em aprova\u00e7\u00f5es nos vestibulares mais concorridos do pa\u00eds. Al\u00e9m das aulas de reda\u00e7\u00e3o, linguagens e c\u00f3digos, gram\u00e1tica, obras liter\u00e1rias, atualidades, filosofia, sociologia, artes, cinema, politica, direito, geopol\u00edtica, literatura, hist\u00f3ria da arte, contamos com plant\u00f5es individuais para a resolu\u00e7\u00e3o de d\u00favidas e corre\u00e7\u00f5es de textos. Promovemos palestras, semin\u00e1rios, oficinas espec\u00edficas e atividades que aliam cultura e troca de ideias. Todo material did\u00e1tico \u00e9 exclusivo e atualizado mensalmente. Professores especializados e experientes em diversas \u00e1reas, sob coordena\u00e7\u00e3o de Regiane Pedigone, tamb\u00e9m professora e idealizadora do curso. Atuamos de forma presencial na cidade de Franca\/SP, recentemente abrimos as&#8230; <\/p>\n","protected":false},"author":1,"featured_media":96,"parent":0,"menu_order":0,"comment_status":"closed","ping_status":"closed","template":"template-parts\/page-template-full-width.php","meta":{"_joinchat":[],"footnotes":""},"class_list":["post-10","page","type-page","status-publish","has-post-thumbnail","hentry"],"_links":{"self":[{"href":"https:\/\/cemporcentoredacao.com.br\/index.php?rest_route=\/wp\/v2\/pages\/10","targetHints":{"allow":["GET"]}}],"collection":[{"href":"https:\/\/cemporcentoredacao.com.br\/index.php?rest_route=\/wp\/v2\/pages"}],"about":[{"href":"https:\/\/cemporcentoredacao.com.br\/index.php?rest_route=\/wp\/v2\/types\/page"}],"author":[{"embeddable":true,"href":"https:\/\/cemporcentoredacao.com.br\/index.php?rest_route=\/wp\/v2\/users\/1"}],"replies":[{"embeddable":true,"href":"https:\/\/cemporcentoredacao.com.br\/index.php?rest_route=%2Fwp%2Fv2%2Fcomments&post=10"}],"version-history":[{"count":43,"href":"https:\/\/cemporcentoredacao.com.br\/index.php?rest_route=\/wp\/v2\/pages\/10\/revisions"}],"predecessor-version":[{"id":6110,"href":"https:\/\/cemporcentoredacao.com.br\/index.php?rest_route=\/wp\/v2\/pages\/10\/revisions\/6110"}],"wp:featuredmedia":[{"embeddable":true,"href":"https:\/\/cemporcentoredacao.com.br\/index.php?rest_route=\/wp\/v2\/media\/96"}],"wp:attachment":[{"href":"https:\/\/cemporcentoredacao.com.br\/index.php?rest_route=%2Fwp%2Fv2%2Fmedia&parent=10"}],"curies":[{"name":"wp","href":"https:\/\/api.w.org\/{rel}","templated":true}]}}