{"id":152,"date":"2020-11-19T10:47:03","date_gmt":"2020-11-19T13:47:03","guid":{"rendered":"http:\/\/cemporcentoredacao.com.br\/?page_id=152"},"modified":"2020-11-19T11:45:37","modified_gmt":"2020-11-19T14:45:37","slug":"bianca-pires","status":"publish","type":"page","link":"https:\/\/cemporcentoredacao.com.br\/?page_id=152","title":{"rendered":"Bianca Pires"},"content":{"rendered":"\t\t<div data-elementor-type=\"wp-page\" data-elementor-id=\"152\" class=\"elementor elementor-152\">\n\t\t\t\t\t\t<section class=\"elementor-section elementor-top-section elementor-element elementor-element-bad5865 elementor-section-boxed elementor-section-height-default elementor-section-height-default\" data-id=\"bad5865\" data-element_type=\"section\">\n\t\t\t\t\t\t<div class=\"elementor-container elementor-column-gap-default\">\n\t\t\t\t\t<div class=\"elementor-column elementor-col-50 elementor-top-column elementor-element elementor-element-9ccc63d\" data-id=\"9ccc63d\" data-element_type=\"column\">\n\t\t\t<div class=\"elementor-widget-wrap elementor-element-populated\">\n\t\t\t\t\t\t<div class=\"elementor-element elementor-element-1649e5e elementor-widget elementor-widget-image\" data-id=\"1649e5e\" data-element_type=\"widget\" data-widget_type=\"image.default\">\n\t\t\t\t<div class=\"elementor-widget-container\">\n\t\t\t\t\t\t\t\t\t\t\t\t\t\t\t<img fetchpriority=\"high\" decoding=\"async\" width=\"761\" height=\"827\" src=\"https:\/\/cemporcentoredacao.com.br\/wp-content\/uploads\/2020\/11\/84455804_2945505748835356_5213465512746418176_o.jpg\" class=\"attachment-large size-large wp-image-154\" alt=\"\" srcset=\"https:\/\/cemporcentoredacao.com.br\/wp-content\/uploads\/2020\/11\/84455804_2945505748835356_5213465512746418176_o.jpg 761w, https:\/\/cemporcentoredacao.com.br\/wp-content\/uploads\/2020\/11\/84455804_2945505748835356_5213465512746418176_o-276x300.jpg 276w\" sizes=\"(max-width: 761px) 100vw, 761px\" \/>\t\t\t\t\t\t\t\t\t\t\t\t\t\t\t<\/div>\n\t\t\t\t<\/div>\n\t\t\t\t\t<\/div>\n\t\t<\/div>\n\t\t\t\t<div class=\"elementor-column elementor-col-50 elementor-top-column elementor-element elementor-element-7855b8b\" data-id=\"7855b8b\" data-element_type=\"column\">\n\t\t\t<div class=\"elementor-widget-wrap elementor-element-populated\">\n\t\t\t\t\t\t<div class=\"elementor-element elementor-element-e2b94bd elementor-widget elementor-widget-text-editor\" data-id=\"e2b94bd\" data-element_type=\"widget\" data-widget_type=\"text-editor.default\">\n\t\t\t\t<div class=\"elementor-widget-container\">\n\t\t\t\t\t\t\t\t\t<p>Bom, s\u00f3 queria agradecer por todos esses anos e toda a ajuda que eu recebi no 100% voc\u00eas se destacam porque s\u00e3o muito mais do que um nome ou um material, s\u00e3o um lar para todos os alunos!\u00a0<\/p><p>Em cada momento recebi o seu apoio e todo o carinho me deu for\u00e7as para continuar tentando. Cada palavra doce e cada pux\u00e3o de orelha fizeram a diferen\u00e7a, falo com tranquilidade que foi a melhor escola que eu j\u00e1 pisei na minha vida e vou carregar cada um de voc\u00eas no meu cora\u00e7\u00e3o pra sempre!\u00a0<\/p><p>Voc\u00ea foi muito mais que uma professora pra mim.<\/p><p>\u00a0<\/p><p><em><strong>Bianca Pires<\/strong><\/em><\/p>\t\t\t\t\t\t\t\t<\/div>\n\t\t\t\t<\/div>\n\t\t\t\t\t<\/div>\n\t\t<\/div>\n\t\t\t\t\t<\/div>\n\t\t<\/section>\n\t\t\t\t<\/div>\n\t\t","protected":false},"excerpt":{"rendered":"<p>Bom, s\u00f3 queria agradecer por todos esses anos e toda a ajuda que eu recebi no 100% voc\u00eas se destacam porque s\u00e3o muito mais do que um nome ou um material, s\u00e3o um lar para todos os alunos!\u00a0 Em cada momento recebi o seu apoio e todo o carinho me deu for\u00e7as para continuar tentando. Cada palavra doce e cada pux\u00e3o de orelha fizeram a diferen\u00e7a, falo com tranquilidade que foi a melhor escola que eu j\u00e1 pisei na minha vida e vou carregar cada um de voc\u00eas no meu cora\u00e7\u00e3o pra sempre!\u00a0 Voc\u00ea foi muito mais que uma professora&#8230; <\/p>\n","protected":false},"author":1,"featured_media":162,"parent":0,"menu_order":0,"comment_status":"closed","ping_status":"closed","template":"elementor_header_footer","meta":{"_joinchat":[],"footnotes":""},"class_list":["post-152","page","type-page","status-publish","has-post-thumbnail","hentry"],"_links":{"self":[{"href":"https:\/\/cemporcentoredacao.com.br\/index.php?rest_route=\/wp\/v2\/pages\/152","targetHints":{"allow":["GET"]}}],"collection":[{"href":"https:\/\/cemporcentoredacao.com.br\/index.php?rest_route=\/wp\/v2\/pages"}],"about":[{"href":"https:\/\/cemporcentoredacao.com.br\/index.php?rest_route=\/wp\/v2\/types\/page"}],"author":[{"embeddable":true,"href":"https:\/\/cemporcentoredacao.com.br\/index.php?rest_route=\/wp\/v2\/users\/1"}],"replies":[{"embeddable":true,"href":"https:\/\/cemporcentoredacao.com.br\/index.php?rest_route=%2Fwp%2Fv2%2Fcomments&post=152"}],"version-history":[{"count":11,"href":"https:\/\/cemporcentoredacao.com.br\/index.php?rest_route=\/wp\/v2\/pages\/152\/revisions"}],"predecessor-version":[{"id":206,"href":"https:\/\/cemporcentoredacao.com.br\/index.php?rest_route=\/wp\/v2\/pages\/152\/revisions\/206"}],"wp:featuredmedia":[{"embeddable":true,"href":"https:\/\/cemporcentoredacao.com.br\/index.php?rest_route=\/wp\/v2\/media\/162"}],"wp:attachment":[{"href":"https:\/\/cemporcentoredacao.com.br\/index.php?rest_route=%2Fwp%2Fv2%2Fmedia&parent=152"}],"curies":[{"name":"wp","href":"https:\/\/api.w.org\/{rel}","templated":true}]}}