{"id":163,"date":"2020-11-19T11:04:29","date_gmt":"2020-11-19T14:04:29","guid":{"rendered":"http:\/\/cemporcentoredacao.com.br\/?page_id=163"},"modified":"2022-03-14T15:33:13","modified_gmt":"2022-03-14T18:33:13","slug":"maria-eduarda","status":"publish","type":"page","link":"https:\/\/cemporcentoredacao.com.br\/?page_id=163","title":{"rendered":"Maria Eduarda"},"content":{"rendered":"\t\t<div data-elementor-type=\"wp-page\" data-elementor-id=\"163\" class=\"elementor elementor-163\">\n\t\t\t\t\t\t<section class=\"elementor-section elementor-top-section elementor-element elementor-element-dc61b1f elementor-section-boxed elementor-section-height-default elementor-section-height-default\" data-id=\"dc61b1f\" data-element_type=\"section\">\n\t\t\t\t\t\t<div class=\"elementor-container elementor-column-gap-default\">\n\t\t\t\t\t<div class=\"elementor-column elementor-col-50 elementor-top-column elementor-element elementor-element-eefaf39\" data-id=\"eefaf39\" data-element_type=\"column\">\n\t\t\t<div class=\"elementor-widget-wrap elementor-element-populated\">\n\t\t\t\t\t\t<div class=\"elementor-element elementor-element-cc6d574 elementor-widget elementor-widget-image\" data-id=\"cc6d574\" data-element_type=\"widget\" data-widget_type=\"image.default\">\n\t\t\t\t<div class=\"elementor-widget-container\">\n\t\t\t\t\t\t\t\t\t\t\t\t\t\t\t<img fetchpriority=\"high\" decoding=\"async\" width=\"761\" height=\"827\" src=\"https:\/\/cemporcentoredacao.com.br\/wp-content\/uploads\/2020\/11\/Maria-Eduarda.jpg\" class=\"attachment-large size-large wp-image-165\" alt=\"\" srcset=\"https:\/\/cemporcentoredacao.com.br\/wp-content\/uploads\/2020\/11\/Maria-Eduarda.jpg 761w, https:\/\/cemporcentoredacao.com.br\/wp-content\/uploads\/2020\/11\/Maria-Eduarda-276x300.jpg 276w\" sizes=\"(max-width: 761px) 100vw, 761px\" \/>\t\t\t\t\t\t\t\t\t\t\t\t\t\t\t<\/div>\n\t\t\t\t<\/div>\n\t\t\t\t\t<\/div>\n\t\t<\/div>\n\t\t\t\t<div class=\"elementor-column elementor-col-50 elementor-top-column elementor-element elementor-element-8688c36\" data-id=\"8688c36\" data-element_type=\"column\">\n\t\t\t<div class=\"elementor-widget-wrap elementor-element-populated\">\n\t\t\t\t\t\t<div class=\"elementor-element elementor-element-9f2d653 elementor-widget elementor-widget-text-editor\" data-id=\"9f2d653\" data-element_type=\"widget\" data-widget_type=\"text-editor.default\">\n\t\t\t\t<div class=\"elementor-widget-container\">\n\t\t\t\t\t\t\t\t\t<p>Re, o \u00fanico sentimento que eu consigo expressar nesse momento \u00e9 gratid\u00e3o. Todos sabem o quanto \u00e9 dif\u00edcil passar em uma Faculdade Federal, e se eu conquistei isso esse ano, tenho muito o que agradecer a voc\u00ea e a toda a equipe da 100%. As aulas me ajudaram muito, n\u00e3o s\u00f3 com a Reda\u00e7\u00e3o, mais tamb\u00e9m com as humanidades em geral. O treinamento pesado fez com que eu estivesse muito bem preparada para qualquer tema e me sentisse confiante.A minha nota alta na reda\u00e7\u00e3o foi fator fundamental para que eu entrasse na FURG. Al\u00e9m disso, tamb\u00e9m fui muito bem na reda\u00e7\u00e3o do outros vestibulares, como na da Faculdade do Einstein, Em que tirei nota m\u00e1xima. Muito obrigada por ter me ajudado a alcan\u00e7ar o meu sonho de ser m\u00e9dica, eu n\u00e3o poderia estar mais feliz.<\/p><p>Voc\u00eas s\u00e3o os melhores!<\/p><p>\u00a0<\/p><p><em><strong>Maria Eduada Elias<\/strong><\/em><\/p>\t\t\t\t\t\t\t\t<\/div>\n\t\t\t\t<\/div>\n\t\t\t\t\t<\/div>\n\t\t<\/div>\n\t\t\t\t\t<\/div>\n\t\t<\/section>\n\t\t\t\t<\/div>\n\t\t","protected":false},"excerpt":{"rendered":"<p>Re, o \u00fanico sentimento que eu consigo expressar nesse momento \u00e9 gratid\u00e3o. Todos sabem o quanto \u00e9 dif\u00edcil passar em uma Faculdade Federal, e se eu conquistei isso esse ano, tenho muito o que agradecer a voc\u00ea e a toda a equipe da 100%. As aulas me ajudaram muito, n\u00e3o s\u00f3 com a Reda\u00e7\u00e3o, mais tamb\u00e9m com as humanidades em geral. O treinamento pesado fez com que eu estivesse muito bem preparada para qualquer tema e me sentisse confiante.A minha nota alta na reda\u00e7\u00e3o foi fator fundamental para que eu entrasse na FURG. Al\u00e9m disso, tamb\u00e9m fui muito bem na&#8230; <\/p>\n","protected":false},"author":1,"featured_media":162,"parent":0,"menu_order":0,"comment_status":"closed","ping_status":"closed","template":"elementor_header_footer","meta":{"_joinchat":[],"footnotes":""},"class_list":["post-163","page","type-page","status-publish","has-post-thumbnail","hentry"],"_links":{"self":[{"href":"https:\/\/cemporcentoredacao.com.br\/index.php?rest_route=\/wp\/v2\/pages\/163","targetHints":{"allow":["GET"]}}],"collection":[{"href":"https:\/\/cemporcentoredacao.com.br\/index.php?rest_route=\/wp\/v2\/pages"}],"about":[{"href":"https:\/\/cemporcentoredacao.com.br\/index.php?rest_route=\/wp\/v2\/types\/page"}],"author":[{"embeddable":true,"href":"https:\/\/cemporcentoredacao.com.br\/index.php?rest_route=\/wp\/v2\/users\/1"}],"replies":[{"embeddable":true,"href":"https:\/\/cemporcentoredacao.com.br\/index.php?rest_route=%2Fwp%2Fv2%2Fcomments&post=163"}],"version-history":[{"count":46,"href":"https:\/\/cemporcentoredacao.com.br\/index.php?rest_route=\/wp\/v2\/pages\/163\/revisions"}],"predecessor-version":[{"id":4187,"href":"https:\/\/cemporcentoredacao.com.br\/index.php?rest_route=\/wp\/v2\/pages\/163\/revisions\/4187"}],"wp:featuredmedia":[{"embeddable":true,"href":"https:\/\/cemporcentoredacao.com.br\/index.php?rest_route=\/wp\/v2\/media\/162"}],"wp:attachment":[{"href":"https:\/\/cemporcentoredacao.com.br\/index.php?rest_route=%2Fwp%2Fv2%2Fmedia&parent=163"}],"curies":[{"name":"wp","href":"https:\/\/api.w.org\/{rel}","templated":true}]}}